 {"id":42,"date":"2021-12-31T03:49:56","date_gmt":"2021-12-31T03:49:56","guid":{"rendered":"https:\/\/7oroofthemes.com\/lockey\/?page_id=42"},"modified":"2026-02-09T16:57:34","modified_gmt":"2026-02-09T15:57:34","slug":"contact-us","status":"publish","type":"page","link":"https:\/\/verytrack.fr\/?page_id=42","title":{"rendered":"Contact Us"},"content":{"rendered":"\t\t<div data-elementor-type=\"wp-page\" data-elementor-id=\"42\" class=\"elementor elementor-42\">\n\t\t\t\t\t\t<section class=\"elementor-section elementor-top-section elementor-element elementor-element-774b1bb elementor-section-full_width elementor-section-stretched elementor-section-height-default elementor-section-height-default cms-section-no-padding-no cms-section-stretched-with-space-none cms-full-content-with-space-none cms-boxed-bg-false cms-full-width-bg-false cms-section-boxed-divider-false cms-remove-row-no cms-row-corner-no\" data-id=\"774b1bb\" data-element_type=\"section\" data-e-type=\"section\" data-settings=\"{&quot;stretch_section&quot;:&quot;section-stretched&quot;}\">\r\n\t\t\t<div class=\"cms-overlay-gradient\"><\/div><div class=\"cms-section-boxed-bg\"><\/div><div class=\"cms-section-boxed-divider\"><\/div><div class=\"cms-elementor-section-remove\"><\/div><div class=\"cms-elementor-section-corner cms-elementor-section-corner-top\"><\/div><div class=\"cms-elementor-section-corner cms-elementor-section-corner-bottom\"><\/div>\t\t\t<div class=\"elementor-container elementor-column-gap-default \" >\r\n\t\t\t        <div class=\"elementor-column elementor-col-100 elementor-top-column elementor-element elementor-element-9dea246\" data-id=\"9dea246\" data-element_type=\"column\" data-e-type=\"column\">\r\n            <div class=\"elementor-widget-wrap elementor-element-populated\">\r\n                \t\t<div class=\"elementor-element elementor-element-b86afa7 elementor-widget elementor-widget-google_maps\" data-id=\"b86afa7\" data-element_type=\"widget\" data-e-type=\"widget\" data-widget_type=\"google_maps.default\">\n\t\t\t\t\t\t\t<div class=\"elementor-custom-embed\">\n\t\t\t<iframe loading=\"lazy\"\n\t\t\t\t\tsrc=\"https:\/\/maps.google.com\/maps?q=74%20A%2C%20Avenue%20du%20Bassin%20d%27Arcachon&#038;t=m&#038;z=10&#038;output=embed&#038;iwloc=near\"\n\t\t\t\t\ttitle=\"74 A, Avenue du Bassin d&#039;Arcachon\"\n\t\t\t\t\taria-label=\"74 A, Avenue du Bassin d&#039;Arcachon\"\n\t\t\t><\/iframe>\n\t\t<\/div>\n\t\t\t\t\t\t<\/div>\n\t\t            <\/div>\r\n        <\/div>\r\n        \t\t\t<\/div>\r\n\t\t<\/section>\r\n\t\t\t\t<section class=\"elementor-section elementor-top-section elementor-element elementor-element-05e378f elementor-section-boxed elementor-section-height-default elementor-section-height-default cms-section-no-padding-no cms-boxed-bg-false cms-full-width-bg-false cms-section-boxed-divider-false cms-remove-row-no cms-row-corner-no\" data-id=\"05e378f\" data-element_type=\"section\" data-e-type=\"section\">\r\n\t\t\t<div class=\"cms-overlay-gradient\"><\/div><div class=\"cms-section-boxed-bg\"><\/div><div class=\"cms-section-boxed-divider\"><\/div><div class=\"cms-elementor-section-remove\"><\/div><div class=\"cms-elementor-section-corner cms-elementor-section-corner-top\"><\/div><div class=\"cms-elementor-section-corner cms-elementor-section-corner-bottom\"><\/div>\t\t\t<div class=\"elementor-container elementor-column-gap-no \" >\r\n\t\t\t        <div class=\"elementor-column elementor-col-100 elementor-top-column elementor-element elementor-element-2cfebdc\" data-id=\"2cfebdc\" data-element_type=\"column\" data-e-type=\"column\">\r\n            <div class=\"elementor-widget-wrap elementor-element-populated\">\r\n                \t\t<section class=\"elementor-section elementor-inner-section elementor-element elementor-element-b9b8957 bg-white cms-shadow-1  p-tb-40 p-lr-xl-50 elementor-section-boxed elementor-section-height-default elementor-section-height-default cms-section-no-padding-no cms-boxed-bg-false cms-full-width-bg-false cms-section-boxed-divider-false cms-remove-row-no cms-row-corner-no\" data-id=\"b9b8957\" data-element_type=\"section\" data-e-type=\"section\">\r\n\t\t\t<div class=\"cms-overlay-gradient\"><\/div><div class=\"cms-section-boxed-bg\"><\/div><div class=\"cms-section-boxed-divider\"><\/div><div class=\"cms-elementor-section-remove\"><\/div><div class=\"cms-elementor-section-corner cms-elementor-section-corner-top\"><\/div><div class=\"cms-elementor-section-corner cms-elementor-section-corner-bottom\"><\/div>\t\t\t<div class=\"elementor-container elementor-column-gap-default \" >\r\n\t\t\t        <div class=\"elementor-column elementor-col-50 elementor-inner-column elementor-element elementor-element-ea5a159\" data-id=\"ea5a159\" data-element_type=\"column\" data-e-type=\"column\">\r\n            <div class=\"elementor-widget-wrap elementor-element-populated\">\r\n                \t\t<div class=\"elementor-element elementor-element-28809a6 ct-bf-right elementor-widget elementor-widget-cms_quickcontact\" data-id=\"28809a6\" data-element_type=\"widget\" data-e-type=\"widget\" data-widget_type=\"cms_quickcontact.default\">\n\t\t\t\t<div class=\"elementor-widget-container\">\n\t\t\t\t\t<div class=\"cms-qc-wrap cms-quick-contact-layout-3 text- text-primary p-20 p-md-50\" style=\"background-image:url(https:\/\/verytrack.fr\/wp-content\/uploads\/bgr-quick-contactus.jpg)\">\n\t<div class=\"cms-gradient-accent cms-overlay\"><\/div>\n\t<div class=\"cms-qc-inner relative z-top\">\n\t\t    <h3 class=\"cms-mainheading cms-heading text-22 mb-25 mt-n5  text-primary empty-none\">N\u2019h\u00e9sitez pas \u00e0 nous contacter, nous nous ferons un plaisir de vous r\u00e9pondre dans les meilleurs d\u00e9lais.<\/h3>\n    <div class=\"extra-space clearfix\"> <\/div>\n    \t\t<div class=\"cms-qc-lists mt-40\">\n\t\t\t\t\t\t\t<div class=\"cms-qc-list elementor-repeater-item-b9bb14d text-\">\n\t\t\t\t\t<div class=\"row gutters-20 gutters-grid align-items-center justify-content-\">\n\t\t\t\t\t\t<div class=\"col-auto empty-none\">            <span aria-hidden=\"true\" class=\"cms-icon text-primary text-24 cmsi-phone-alt\" style=\"\"><\/span>        <\/div>\n\t\t\t\t        <div class=\"col text-primary text-16 font-700\">\n\t\t\t\t        \t<div>\n\t\t\t\t        \t\t<span class=\"cms-contact-title\"><\/span>\n\t\t\t\t        \t\t\t\t\t        \t\t\t\t<a class=\"link-primary link-hover-white\" href=\"tel:0660943440\">06 60 94 34 40<\/a><\/div>\n\t\t\t\t        \t<div><span class=\"cms-contact-title\"><\/span> <\/div>\n\t\t\t\t        <\/div>\n\t\t\t\t    <\/div>\n\t\t\t    <\/div>      \n\t\t\t\t\t\t\t<div class=\"cms-qc-list elementor-repeater-item-ce4aecb text-\">\n\t\t\t\t\t<div class=\"row gutters-20 gutters-grid align-items-center justify-content-\">\n\t\t\t\t\t\t<div class=\"col-auto empty-none\">            <span aria-hidden=\"true\" class=\"cms-icon text-primary text-24 cmsi-map-marker\" style=\"\"><\/span>        <\/div>\n\t\t\t\t        <div class=\"col text-primary text-16 font-700\">\n\t\t\t\t        \t<div>\n\t\t\t\t        \t\t<span class=\"cms-contact-title\"><\/span>\n\t\t\t\t        \t\t\t\t\t        \t\t\t\t<a class=\"link-primary link-hover-white\" href=\"https:\/\/www.google.com\/maps\/place\/Brooklyn,+Ti%E1%BB%83u+bang+New+York,+Hoa+K%E1%BB%B3\/@40.6453531,-74.0150372,12z\/data=!3m1!4b1!4m5!3m4!1s0x89c24416947c2109:0x82765c7404007886!8m2!3d40.6781784!4d-73.9441579?hl=vi-VN\">33680 Le Porge<\/a><\/div>\n\t\t\t\t        \t<div><span class=\"cms-contact-title\"><\/span> <\/div>\n\t\t\t\t        <\/div>\n\t\t\t\t    <\/div>\n\t\t\t    <\/div>      \n\t\t\t\t\t\t\t<div class=\"cms-qc-list elementor-repeater-item-3f47b69 text-\">\n\t\t\t\t\t<div class=\"row gutters-20 gutters-grid align-items-center justify-content-\">\n\t\t\t\t\t\t<div class=\"col-auto empty-none\">            <span aria-hidden=\"true\" class=\"cms-icon text-primary text-24 cmsi-clock\" style=\"\"><\/span>        <\/div>\n\t\t\t\t        <div class=\"col text-primary text-16 font-700\">\n\t\t\t\t        \t<div>\n\t\t\t\t        \t\t<span class=\"cms-contact-title\"><\/span>\n\t\t\t\t        \t\t\t\t\t        \t\t\t\t<a class=\"link-primary link-hover-white\">08.00 - 19.00<\/a><\/div>\n\t\t\t\t        \t<div><span class=\"cms-contact-title\"><\/span> <\/div>\n\t\t\t\t        <\/div>\n\t\t\t\t    <\/div>\n\t\t\t    <\/div>      \n\t\t\t\t\t<\/div>\n\t\t\t<\/div>\n<\/div>\t\t\t\t<\/div>\n\t\t\t\t<\/div>\n\t\t            <\/div>\r\n        <\/div>\r\n                <div class=\"elementor-column elementor-col-50 elementor-inner-column elementor-element elementor-element-d4621f0\" data-id=\"d4621f0\" data-element_type=\"column\" data-e-type=\"column\">\r\n            <div class=\"elementor-widget-wrap elementor-element-populated\">\r\n                \t\t<div class=\"elementor-element elementor-element-2cbaf0a elementor-widget elementor-widget-cms_ctf7\" data-id=\"2cbaf0a\" data-element_type=\"widget\" data-e-type=\"widget\" data-widget_type=\"cms_ctf7.default\">\n\t\t\t\t<div class=\"elementor-widget-container\">\n\t\t\t\t\t<div class=\"cms-cf7 relative bg-white\">\n    <div class=\"cms-cf7-inner\">\n        <div class=\"cms-banner pb-20\">\n            <div class=\"cms-cf7-banner-inner\">\n                    <h4 class=\"cms-mainheading cms-heading mt-n5 mb-11 text-20 font-700  text-primary empty-none\">Contactez-nous<\/h4>\n    <div class=\"extra-space clearfix\"> <\/div>\n        <div class=\"cms-desc mb-15 text-15 lh-25  text-custom empty-none\">D\u00e9taillez au maximum votre demande, afin que nous puissions vous apporter la meilleure solution.<\/div>\n    <div class=\"extra-space clearfix\"> <\/div>\n                <\/div>\n        <\/div>\n        \n<div class=\"wpcf7 no-js\" id=\"wpcf7-f7-o1\" lang=\"en-US\" dir=\"ltr\" data-wpcf7-id=\"7\">\n<div class=\"screen-reader-response\"><p role=\"status\" aria-live=\"polite\" aria-atomic=\"true\"><\/p> <ul><\/ul><\/div>\n<form action=\"\/index.php?rest_route=%2Fwp%2Fv2%2Fpages%2F42#wpcf7-f7-o1\" method=\"post\" class=\"wpcf7-form init\" aria-label=\"Contact form\" novalidate=\"novalidate\" data-status=\"init\">\n<fieldset class=\"hidden-fields-container\"><input type=\"hidden\" name=\"_wpcf7\" value=\"7\" \/><input type=\"hidden\" name=\"_wpcf7_version\" value=\"6.1.5\" \/><input type=\"hidden\" name=\"_wpcf7_locale\" value=\"en_US\" \/><input type=\"hidden\" name=\"_wpcf7_unit_tag\" value=\"wpcf7-f7-o1\" \/><input type=\"hidden\" name=\"_wpcf7_container_post\" value=\"0\" \/><input type=\"hidden\" name=\"_wpcf7_posted_data_hash\" value=\"\" \/>\n<\/fieldset>\n<div class=\"row get-in-touch-form\">\n <div class=\"col-lg-6\"><span class=\"wpcf7-form-control-wrap\" data-name=\"your-name\"><input size=\"40\" maxlength=\"400\" class=\"wpcf7-form-control wpcf7-text wpcf7-validates-as-required\" aria-required=\"true\" aria-invalid=\"false\" placeholder=\"Name\" value=\"\" type=\"text\" name=\"your-name\" \/><\/span><\/div>\n <div class=\"col-lg-6\"><span class=\"wpcf7-form-control-wrap\" data-name=\"your-email\"><input size=\"40\" maxlength=\"400\" class=\"wpcf7-form-control wpcf7-email wpcf7-validates-as-required wpcf7-text wpcf7-validates-as-email\" aria-required=\"true\" aria-invalid=\"false\" placeholder=\"Email\" value=\"\" type=\"email\" name=\"your-email\" \/><\/span><\/div>\n <div class=\"col-lg-6\"><span class=\"wpcf7-form-control-wrap\" data-name=\"phone\"><input size=\"40\" maxlength=\"400\" class=\"wpcf7-form-control wpcf7-tel wpcf7-validates-as-required wpcf7-text wpcf7-validates-as-tel\" aria-required=\"true\" aria-invalid=\"false\" placeholder=\"Phone\" value=\"\" type=\"tel\" name=\"phone\" \/><\/span><\/div>\n <div class=\"col-lg-6\"><span class=\"wpcf7-form-control-wrap cms-wpcf7-form-control-wrap cms-wpcf7-form-control-select services\"><span class=\"cms-cf7-field-label cms-cf7-select-label\">Select Your Services<\/span><select class=\"wpcf7-form-control wpcf7-select wpcf7-validates-as-required\" aria-required=\"true\" aria-invalid=\"false\" name=\"services\"><option value=\"Smarter Business Security\">Smarter Business Security<\/option><option value=\"Fire Detection &amp; Life Safety\">Fire Detection &amp; Life Safety<\/option><option value=\"Smart Home Systems\">Smart Home Systems<\/option><option value=\"Access Control Installation\">Access Control Installation<\/option><option value=\"Intruder Alarm Systems\">Intruder Alarm Systems<\/option><option value=\"CCTV &amp; Video Surveillance\">CCTV &amp; Video Surveillance<\/option><\/select><\/span><\/div>\n <div class=\"col-12\"><span class=\"wpcf7-form-control-wrap\" data-name=\"your-message\"><textarea cols=\"40\" rows=\"10\" maxlength=\"2000\" class=\"wpcf7-form-control wpcf7-textarea\" aria-invalid=\"false\" placeholder=\"Additional Details\" name=\"your-message\"><\/textarea><\/span><\/div>\n <div class=\"col-12\"><div class=\"cms-submit\"><button class=\"wpcf7-form-control wpcf7-submit btn btn-primary btn-hover-accent btn-xl\" type=\"submit\"><span class=\"cms-btn-text\">Submit Request<\/span><span class=\"wpcf7-submit-icon cms-btn-icon cmsi-arrow-right rtl-flip\"><\/span><\/button><\/div><\/div>\n<\/div><div class=\"wpcf7-response-output\" aria-hidden=\"true\"><\/div>\n<\/form>\n<\/div>\n            <\/div>\n<\/div>\t\t\t\t<\/div>\n\t\t\t\t<\/div>\n\t\t            <\/div>\r\n        <\/div>\r\n        \t\t\t<\/div>\r\n\t\t<\/section>\r\n\t\t            <\/div>\r\n        <\/div>\r\n        \t\t\t<\/div>\r\n\t\t<\/section>\r\n\t\t\t\t<\/div>\n\t\t","protected":false},"excerpt":{"rendered":"<p>N\u2019h\u00e9sitez pas \u00e0 nous contacter, nous nous ferons un plaisir de vous r\u00e9pondre dans les meilleurs d\u00e9lais. 06 60 94 34 40 33680 Le Porge 08.00 &#8211; 19.00 Contactez-nous D\u00e9taillez au maximum votre demande, afin que nous puissions vous apporter la meilleure solution. Select Your ServicesSmarter Business SecurityFire Detection &amp; Life SafetySmart Home SystemsAccess Control InstallationIntruder Alarm SystemsCCTV &amp; Video Surveillance Submit Request<\/p>\n","protected":false},"author":1,"featured_media":0,"parent":0,"menu_order":23,"comment_status":"closed","ping_status":"closed","template":"","meta":{"footnotes":""},"class_list":["post-42","page","type-page","status-publish","hentry","cms-no-post-thumbnail"],"_links":{"self":[{"href":"https:\/\/verytrack.fr\/index.php?rest_route=\/wp\/v2\/pages\/42","targetHints":{"allow":["GET"]}}],"collection":[{"href":"https:\/\/verytrack.fr\/index.php?rest_route=\/wp\/v2\/pages"}],"about":[{"href":"https:\/\/verytrack.fr\/index.php?rest_route=\/wp\/v2\/types\/page"}],"author":[{"embeddable":true,"href":"https:\/\/verytrack.fr\/index.php?rest_route=\/wp\/v2\/users\/1"}],"replies":[{"embeddable":true,"href":"https:\/\/verytrack.fr\/index.php?rest_route=%2Fwp%2Fv2%2Fcomments&post=42"}],"version-history":[{"count":4,"href":"https:\/\/verytrack.fr\/index.php?rest_route=\/wp\/v2\/pages\/42\/revisions"}],"predecessor-version":[{"id":8324,"href":"https:\/\/verytrack.fr\/index.php?rest_route=\/wp\/v2\/pages\/42\/revisions\/8324"}],"wp:attachment":[{"href":"https:\/\/verytrack.fr\/index.php?rest_route=%2Fwp%2Fv2%2Fmedia&parent=42"}],"curies":[{"name":"wp","href":"https:\/\/api.w.org\/{rel}","templated":true}]}}